{"id":811,"date":"2024-02-07T11:30:03","date_gmt":"2024-02-07T10:30:03","guid":{"rendered":"https:\/\/zlotyokon.pl\/shop\/"},"modified":"2025-01-04T12:47:32","modified_gmt":"2025-01-04T11:47:32","slug":"shop","status":"publish","type":"page","link":"https:\/\/zlotyokon.pl\/en\/shop\/","title":{"rendered":"Shop"},"content":{"rendered":"<p>[et_pb_section fb_built=&#8221;1&#8243; module_id=&#8221;zoHero&#8221; _builder_version=&#8221;4.24.0&#8243; _module_preset=&#8221;default&#8221; background_enable_color=&#8221;off&#8221; background_image=&#8221;https:\/\/zlotyokon.pl\/wp-content\/uploads\/2024\/02\/sklep-top.jpg&#8221; custom_padding=&#8221;0px||0px||false|false&#8221; global_colors_info=&#8221;{}&#8221;][et_pb_row _builder_version=&#8221;4.24.0&#8243; _module_preset=&#8221;default&#8221; custom_padding=&#8221;0px||0px||false|false&#8221; global_colors_info=&#8221;{}&#8221;][et_pb_column type=&#8221;4_4&#8243; _builder_version=&#8221;4.24.0&#8243; _module_preset=&#8221;default&#8221; global_colors_info=&#8221;{}&#8221;][et_pb_text _builder_version=&#8221;4.24.0&#8243; _module_preset=&#8221;default&#8221; global_colors_info=&#8221;{}&#8221;]<\/p>\n<h1>Craft Shop<\/h1>\n<p>Hand-made product that will find a permanent place in your kitchen<\/p>\n<p>[\/et_pb_text][\/et_pb_column][\/et_pb_row][\/et_pb_section][et_pb_section fb_built=&#8221;1&#8243; _builder_version=&#8221;4.24.0&#8243; _module_preset=&#8221;default&#8221; custom_padding=&#8221;||30px||false|false&#8221; global_colors_info=&#8221;{}&#8221;][et_pb_row column_structure=&#8221;2_3,1_3&#8243; custom_padding_last_edited=&#8221;off|desktop&#8221; module_class=&#8221;right&#8221; _builder_version=&#8221;4.24.0&#8243; _module_preset=&#8221;default&#8221; custom_padding=&#8221;||0px||false|false&#8221; custom_padding_tablet=&#8221;0px||0px||false|false&#8221; custom_padding_phone=&#8221;0px||0px||false|false&#8221; global_colors_info=&#8221;{}&#8221;][et_pb_column type=&#8221;2_3&#8243; module_class=&#8221;zoIntro&#8221; _builder_version=&#8221;4.24.0&#8243; _module_preset=&#8221;default&#8221; global_colors_info=&#8221;{}&#8221;][et_pb_text _builder_version=&#8221;4.24.0&#8243; _module_preset=&#8221;default&#8221; global_colors_info=&#8221;{}&#8221;]<\/p>\n<p class=\"small\">Z\u0142oty Oko\u0144 Store<\/p>\n<h2 class=\"zoDecor\">Traditional craft products<\/h2>\n<p>Next to Z\u0142oty Oko\u0144 Restaurant, our fish shop in Serock operates, offering, among others, frozen, smoked, fresh, and live fish. Additionally, you can also buy seafood and salads.<\/p>\n<p>This enables you to create a perfect dish, even for the most elaborate dinner. Our staff will gladly advise you on selecting the best products to compose exquisite meals.<\/p>\n<p>&nbsp;<\/p>\n<h3><\/h3>\n<p>[\/et_pb_text][\/et_pb_column][et_pb_column type=&#8221;1_3&#8243; _builder_version=&#8221;4.24.0&#8243; _module_preset=&#8221;default&#8221; global_colors_info=&#8221;{}&#8221;][et_pb_text module_class=&#8221;zoSzybkiKontakt&#8221; _builder_version=&#8221;4.24.0&#8243; _module_preset=&#8221;default&#8221; hover_enabled=&#8221;0&#8243; global_colors_info=&#8221;{}&#8221; sticky_enabled=&#8221;0&#8243;]<\/p>\n<h3>Contact<\/h3>\n<p>+48 22 782 67 67<br \/>kontakt@zlotyokon.pl<br \/>ul. Warszawska 49, 05-140 Serock<\/p>\n<p>The store is open every day,<br \/>Mon. &#8211; Sat.:\u00a0 \u00a0 \u00a0 \u00a0 \u00a0 \u00a0 \u00a0 \u00a0 \u00a0 \u00a06:30 a.m. to 9:00 p.m<\/p>\n<p>Sun.:\u00a0 \u00a0 \u00a0 \u00a0 \u00a0 \u00a0 \u00a0 \u00a0 \u00a0 \u00a0 \u00a0 \u00a0 \u00a0 \u00a0 \u00a0 7:00 a.m. to 8:00 p.m<\/p>\n<p>&nbsp;<\/p>\n<p>[\/et_pb_text][\/et_pb_column][\/et_pb_row][et_pb_row _builder_version=&#8221;4.24.0&#8243; _module_preset=&#8221;default&#8221; custom_padding=&#8221;60px||0px||false|false&#8221; global_colors_info=&#8221;{}&#8221;][et_pb_column type=&#8221;4_4&#8243; _builder_version=&#8221;4.24.0&#8243; _module_preset=&#8221;default&#8221; global_colors_info=&#8221;{}&#8221;][et_pb_text _builder_version=&#8221;4.24.0&#8243; _module_preset=&#8221;default&#8221; global_colors_info=&#8221;{}&#8221;]<\/p>\n<h3 style=\"text-align: center;\">Z\u0142oty Oko\u0144 Recommends<\/h3>\n<p>[\/et_pb_text][\/et_pb_column][\/et_pb_row][\/et_pb_section][et_pb_section fb_built=&#8221;1&#8243; _builder_version=&#8221;4.24.0&#8243; _module_preset=&#8221;default&#8221; background_color=&#8221;rgba(255,255,255,0.45)&#8221; custom_padding=&#8221;40px||40px||false|false&#8221; global_colors_info=&#8221;{}&#8221;][et_pb_row _builder_version=&#8221;4.24.0&#8243; _module_preset=&#8221;default&#8221; custom_padding=&#8221;0px||0px||false|false&#8221; global_colors_info=&#8221;{}&#8221;][et_pb_column type=&#8221;4_4&#8243; _builder_version=&#8221;4.24.0&#8243; _module_preset=&#8221;default&#8221; global_colors_info=&#8221;{}&#8221;][et_pb_text _builder_version=&#8221;4.24.0&#8243; _module_preset=&#8221;default&#8221; global_colors_info=&#8221;{}&#8221;]<\/p>\n<ul class=\"zoPoleca\">\n<li>fresh fish<\/li>\n<li>smoked fish<\/li>\n<li>pickled fish<\/li>\n<li>artisanal products, cold cuts, sausages<\/li>\n<li>own larder<\/li>\n<\/ul>\n<p>[\/et_pb_text][\/et_pb_column][\/et_pb_row][\/et_pb_section][et_pb_section fb_built=&#8221;1&#8243; _builder_version=&#8221;4.24.0&#8243; _module_preset=&#8221;default&#8221; background_enable_color=&#8221;off&#8221; global_colors_info=&#8221;{}&#8221;][et_pb_row column_structure=&#8221;1_2,1_2&#8243; make_equal=&#8221;on&#8221; custom_padding_last_edited=&#8221;on|desktop&#8221; module_class=&#8221;left reverse&#8221; _builder_version=&#8221;4.24.0&#8243; _module_preset=&#8221;default&#8221; custom_padding=&#8221;||||false|false&#8221; custom_padding_tablet=&#8221;||0px||false|false&#8221; custom_padding_phone=&#8221;||0px||false|false&#8221; global_colors_info=&#8221;{}&#8221;][et_pb_column type=&#8221;1_2&#8243; _builder_version=&#8221;4.24.0&#8243; _module_preset=&#8221;default&#8221; custom_padding_tablet=&#8221;&#8221; custom_padding_phone=&#8221;&#8221; custom_padding_last_edited=&#8221;on|tablet&#8221; global_colors_info=&#8221;{}&#8221;][et_pb_image src=&#8221;https:\/\/zlotyokon.pl\/wp-content\/uploads\/2024\/02\/sklep-1-1.png&#8221; module_class=&#8221;imgDecorLeftRightSmall&#8221; _builder_version=&#8221;4.24.0&#8243; _module_preset=&#8221;default&#8221; custom_margin_tablet=&#8221;30px||0px||false|false&#8221; custom_margin_phone=&#8221;30px||0px||false|false&#8221; custom_margin_last_edited=&#8221;on|tablet&#8221; global_colors_info=&#8221;{}&#8221;][\/et_pb_image][\/et_pb_column][et_pb_column type=&#8221;1_2&#8243; _builder_version=&#8221;4.24.0&#8243; _module_preset=&#8221;default&#8221; custom_css_main_element=&#8221;display: flex;||flex-direction: column;||justify-content: center;&#8221; global_colors_info=&#8221;{}&#8221;][et_pb_text _builder_version=&#8221;4.24.0&#8243; _module_preset=&#8221;default&#8221; global_colors_info=&#8221;{}&#8221;]<\/p>\n<h2 class=\"zoDecor\">Fresh fish<\/h2>\n<p>In our local shop, we provide a wide selection of fresh marine and freshwater fish, available throughout the week. Among our Clients, our fish are popular choices for various occasions. We strive to ensure the fish we offer meet our Clients&#8217; expectations by carefully watching over fishing grounds they come from and selecting them from our regular, well-known and proven suppliers.<\/p>\n<p>The fish are collected by the crew of Z\u0142oty Oko\u0144.<\/p>\n<p>It has been well-known for long that consuming for example trout, cod, herring, or halibut has positive effects on the body. All these fish are available at Z\u0142oty Oko\u0144 Store.<\/p>\n<p>[\/et_pb_text][\/et_pb_column][\/et_pb_row][\/et_pb_section][et_pb_section fb_built=&#8221;1&#8243; _builder_version=&#8221;4.24.0&#8243; _module_preset=&#8221;default&#8221; background_color=&#8221;rgba(255,255,255,0.45)&#8221; custom_padding=&#8221;||||false|false&#8221; global_colors_info=&#8221;{}&#8221;][et_pb_row column_structure=&#8221;1_2,1_2&#8243; make_equal=&#8221;on&#8221; custom_padding_last_edited=&#8221;on|desktop&#8221; module_class=&#8221;right&#8221; _builder_version=&#8221;4.24.0&#8243; _module_preset=&#8221;default&#8221; custom_padding=&#8221;||||false|false&#8221; custom_padding_tablet=&#8221;15px||0px||false|false&#8221; custom_padding_phone=&#8221;15px||||false|false&#8221; global_colors_info=&#8221;{}&#8221;][et_pb_column type=&#8221;1_2&#8243; _builder_version=&#8221;4.24.0&#8243; _module_preset=&#8221;default&#8221; custom_css_main_element=&#8221;display: flex;||flex-direction: column;||justify-content: center;&#8221; global_colors_info=&#8221;{}&#8221;][et_pb_text _builder_version=&#8221;4.24.0&#8243; _module_preset=&#8221;default&#8221; global_colors_info=&#8221;{}&#8221;]<\/p>\n<h2 class=\"zoDecor\">Smoked fish<\/h2>\n<p>We take pride in our fish from our own smoke-house. We employ only our known secret smoking methods to enhance the best taste of our smoked fish.<\/p>\n<p>We smoke fish in various ways, using smoke from burning different wood, including elder, sugar maple, grapevine, white oak, alder, and walnut. Depending on the smoking method and the species of fish, they may have a slightly fruity after-taste, floral aromatic notes, or a delicate honey aroma.<\/p>\n<p>Once you taste our traditionally smoked fish, you will be hooked forever. The flavour of smoked fish is not just about the individual characteristics of each species, but also about how it is smoked, and we understand this better than any one else. Smoked fish is perfect for picnics, snacks, or main courses, and it can be added to various pastes.<\/p>\n<p>[\/et_pb_text][\/et_pb_column][et_pb_column type=&#8221;1_2&#8243; _builder_version=&#8221;4.24.0&#8243; _module_preset=&#8221;default&#8221; global_colors_info=&#8221;{}&#8221;][et_pb_image src=&#8221;https:\/\/zlotyokon.pl\/wp-content\/uploads\/2024\/02\/sklep-2-1.png&#8221; force_fullwidth=&#8221;on&#8221; module_class=&#8221;imgDecorLeftRightSmall&#8221; _builder_version=&#8221;4.27.3&#8243; _module_preset=&#8221;default&#8221; custom_margin_tablet=&#8221;||30px||false|false&#8221; custom_margin_phone=&#8221;||30px||false|false&#8221; custom_margin_last_edited=&#8221;on|tablet&#8221; global_colors_info=&#8221;{}&#8221;][\/et_pb_image][\/et_pb_column][\/et_pb_row][\/et_pb_section][et_pb_section fb_built=&#8221;1&#8243; _builder_version=&#8221;4.24.0&#8243; _module_preset=&#8221;default&#8221; background_enable_color=&#8221;off&#8221; global_colors_info=&#8221;{}&#8221;][et_pb_row column_structure=&#8221;1_2,1_2&#8243; make_equal=&#8221;on&#8221; custom_padding_last_edited=&#8221;on|tablet&#8221; module_class=&#8221;left reverse&#8221; _builder_version=&#8221;4.24.0&#8243; _module_preset=&#8221;default&#8221; custom_padding=&#8221;||40px||false|false&#8221; custom_padding_tablet=&#8221;||0px||false|false&#8221; custom_padding_phone=&#8221;||0px||false|false&#8221; global_colors_info=&#8221;{}&#8221;][et_pb_column type=&#8221;1_2&#8243; _builder_version=&#8221;4.24.0&#8243; _module_preset=&#8221;default&#8221; global_colors_info=&#8221;{}&#8221;][et_pb_image src=&#8221;https:\/\/zlotyokon.pl\/wp-content\/uploads\/2024\/02\/sklep-3-1.png&#8221; force_fullwidth=&#8221;on&#8221; module_class=&#8221;imgDecorLeftRight&#8221; _builder_version=&#8221;4.27.3&#8243; _module_preset=&#8221;default&#8221; custom_margin_tablet=&#8221;30px||0px||false|false&#8221; custom_margin_phone=&#8221;30px||0px||false|false&#8221; custom_margin_last_edited=&#8221;on|tablet&#8221; global_colors_info=&#8221;{}&#8221;][\/et_pb_image][\/et_pb_column][et_pb_column type=&#8221;1_2&#8243; _builder_version=&#8221;4.24.0&#8243; _module_preset=&#8221;default&#8221; custom_css_main_element=&#8221;display: flex;||flex-direction: column;||justify-content: center;&#8221; global_colors_info=&#8221;{}&#8221;][et_pb_text _builder_version=&#8221;4.24.0&#8243; _module_preset=&#8221;default&#8221; global_colors_info=&#8221;{}&#8221;]<\/p>\n<h2 class=\"zoDecor\">Marinated fish<\/h2>\n<p>We specialize in fish and create various culinary fish wonders. We marinate freshwater fish: bream, wels catfish, zander, perch, and pike. We also have marinated herrings in three versions: Kashubian-style, in vinegar, and in oil. We also offer one of our specialities, i.e. &#8216;paprykarz&#8217; (sort of paprika ragout), which is rich in flavour and perfect for a quick snack. Once associated with the bad reputation of cheap food, in our version, it is delicious and rich in flavour.<\/p>\n<p>Marinated fish from Z\u0142oty Oko\u0144 will be appreciated by connoisseurs and fish experts. They emphasize their excellent composition, consistency, and the balance of fish and marinade. We recommend our fish to people who have not had the opportunity to try craft marinated fish before\u2014ones that you can feel true passion, taste, and aroma in, and not just vinegar.<\/p>\n<p>&nbsp;<\/p>\n<p>[\/et_pb_text][\/et_pb_column][\/et_pb_row][\/et_pb_section][et_pb_section fb_built=&#8221;1&#8243; _builder_version=&#8221;4.24.0&#8243; _module_preset=&#8221;default&#8221; background_color=&#8221;rgba(255,255,255,0.45)&#8221; global_colors_info=&#8221;{}&#8221;][et_pb_row column_structure=&#8221;1_2,1_2&#8243; make_equal=&#8221;on&#8221; custom_padding_last_edited=&#8221;on|desktop&#8221; module_class=&#8221;right&#8221; _builder_version=&#8221;4.24.0&#8243; _module_preset=&#8221;default&#8221; custom_padding=&#8221;||||false|false&#8221; custom_padding_tablet=&#8221;||30px||false|false&#8221; custom_padding_phone=&#8221;||30px||false|false&#8221; global_colors_info=&#8221;{}&#8221;][et_pb_column type=&#8221;1_2&#8243; _builder_version=&#8221;4.24.0&#8243; _module_preset=&#8221;default&#8221; custom_css_main_element=&#8221;display: flex;||flex-direction: column;||justify-content: center;&#8221; global_colors_info=&#8221;{}&#8221;][et_pb_text _builder_version=&#8221;4.24.0&#8243; _module_preset=&#8221;default&#8221; global_colors_info=&#8221;{}&#8221;]<\/p>\n<h2 class=\"zoDecor\">Craft product, cold cuts, sousages<\/h2>\n<p>In the fishy land of Z\u0142oty Oko\u0144, there is also room for quality meat dishes. Aromatic bacon, tender ham, juicy gammon, tasty sausages, and exquisite pates, made with expertise and a sense of taste. You will find them all in our store, always fresh, delicious, and made from specially selected meat.<\/p>\n<p>We produce our meat products on site, in specially designated rooms with suitable conditions, sourcing from long years of tradition.<\/p>\n<p>Our staff will be happy to discuss each product in detail and help you select the ones that will best suit your taste.<\/p>\n<p>&nbsp;<\/p>\n<p>[\/et_pb_text][\/et_pb_column][et_pb_column type=&#8221;1_2&#8243; _builder_version=&#8221;4.24.0&#8243; _module_preset=&#8221;default&#8221; global_colors_info=&#8221;{}&#8221;][et_pb_image src=&#8221;https:\/\/zlotyokon.pl\/wp-content\/uploads\/2024\/02\/sklep-5.jpg&#8221; force_fullwidth=&#8221;on&#8221; module_class=&#8221;imgDecorRight&#8221; _builder_version=&#8221;4.27.3&#8243; _module_preset=&#8221;default&#8221; global_colors_info=&#8221;{}&#8221;][\/et_pb_image][\/et_pb_column][\/et_pb_row][\/et_pb_section][et_pb_section fb_built=&#8221;1&#8243; _builder_version=&#8221;4.24.0&#8243; _module_preset=&#8221;default&#8221; background_enable_color=&#8221;off&#8221; custom_padding=&#8221;||0px||false|false&#8221; global_colors_info=&#8221;{}&#8221;][et_pb_row column_structure=&#8221;1_2,1_2&#8243; make_equal=&#8221;on&#8221; module_class=&#8221;left reverse&#8221; _builder_version=&#8221;4.24.0&#8243; _module_preset=&#8221;default&#8221; custom_padding=&#8221;||40px||false|false&#8221; global_colors_info=&#8221;{}&#8221;][et_pb_column type=&#8221;1_2&#8243; _builder_version=&#8221;4.24.0&#8243; _module_preset=&#8221;default&#8221; global_colors_info=&#8221;{}&#8221;][et_pb_image src=&#8221;https:\/\/zlotyokon.pl\/wp-content\/uploads\/2024\/02\/sklep-4-1.png&#8221; force_fullwidth=&#8221;on&#8221; module_class=&#8221;imgDecorLeftRightSmall&#8221; _builder_version=&#8221;4.27.3&#8243; _module_preset=&#8221;default&#8221; custom_margin_tablet=&#8221;30px||0px||false|false&#8221; custom_margin_phone=&#8221;30px||0px||false|false&#8221; custom_margin_last_edited=&#8221;on|tablet&#8221; global_colors_info=&#8221;{}&#8221;][\/et_pb_image][\/et_pb_column][et_pb_column type=&#8221;1_2&#8243; _builder_version=&#8221;4.24.0&#8243; _module_preset=&#8221;default&#8221; custom_css_main_element=&#8221;display: flex;||flex-direction: column;||justify-content: center;&#8221; global_colors_info=&#8221;{}&#8221;][et_pb_text _builder_version=&#8221;4.24.0&#8243; _module_preset=&#8221;default&#8221; global_colors_info=&#8221;{}&#8221;]<\/p>\n<h2 class=\"zoDecor\">Own pantry<\/h2>\n<p>We also offer other products for our Clients, not related to fish or meat products. You will find a pantry similar to grandma&#8217;s. Depending on the season, we have jams and fruit juices, vinegar and pickled cucumbers, home-made ketchups, pomace and pur\u00e9e, and all kinds of products made from seasonal fruits and vegetables.<\/p>\n<p>[\/et_pb_text][\/et_pb_column][\/et_pb_row][\/et_pb_section]<\/p>\n","protected":false},"excerpt":{"rendered":"<p>Craft Shop Hand-made product that will find a&#8230;<\/p>\n","protected":false},"author":1,"featured_media":0,"parent":0,"menu_order":0,"comment_status":"closed","ping_status":"closed","template":"","meta":{"_et_pb_use_builder":"on","_et_pb_old_content":"","_et_gb_content_width":"","footnotes":""},"class_list":["post-811","page","type-page","status-publish","hentry"],"yoast_head":"<!-- This site is optimized with the Yoast SEO plugin v27.3 - https:\/\/yoast.com\/product\/yoast-seo-wordpress\/ -->\n<title>Shop - Restauracja, bar bistro i sklep rybny - Serock - Z\u0142oty Oko\u0144<\/title>\n<meta name=\"description\" content=\"W naszym sklepie oferujemy ryby mro\u017cone, ryby w\u0119dzone, \u015bwie\u017ce oraz \u017cywe. Ponadto znajdziesz tu r\u00f3wnie\u017c wyroby rzemie\u015blnicze, w\u0142asnej produkcji.\" \/>\n<meta name=\"robots\" content=\"index, follow, max-snippet:-1, max-image-preview:large, max-video-preview:-1\" \/>\n<link rel=\"canonical\" href=\"https:\/\/zlotyokon.pl\/en\/shop\/\" \/>\n<meta property=\"og:locale\" content=\"en_US\" \/>\n<meta property=\"og:type\" content=\"article\" \/>\n<meta property=\"og:title\" content=\"Shop - Restauracja, bar bistro i sklep rybny - Serock - Z\u0142oty Oko\u0144\" \/>\n<meta property=\"og:description\" content=\"W naszym sklepie oferujemy ryby mro\u017cone, ryby w\u0119dzone, \u015bwie\u017ce oraz \u017cywe. Ponadto znajdziesz tu r\u00f3wnie\u017c wyroby rzemie\u015blnicze, w\u0142asnej produkcji.\" \/>\n<meta property=\"og:url\" content=\"https:\/\/zlotyokon.pl\/en\/shop\/\" \/>\n<meta property=\"og:site_name\" content=\"Restauracja, bar bistro i sklep rybny - Serock - Z\u0142oty Oko\u0144\" \/>\n<meta property=\"article:modified_time\" content=\"2025-01-04T11:47:32+00:00\" \/>\n<meta name=\"twitter:card\" content=\"summary_large_image\" \/>\n<meta name=\"twitter:label1\" content=\"Est. reading time\" \/>\n\t<meta name=\"twitter:data1\" content=\"9 minutes\" \/>\n<script type=\"application\/ld+json\" class=\"yoast-schema-graph\">{\"@context\":\"https:\\\/\\\/schema.org\",\"@graph\":[{\"@type\":\"WebPage\",\"@id\":\"https:\\\/\\\/zlotyokon.pl\\\/en\\\/shop\\\/\",\"url\":\"https:\\\/\\\/zlotyokon.pl\\\/en\\\/shop\\\/\",\"name\":\"Shop - Restauracja, bar bistro i sklep rybny - Serock - Z\u0142oty Oko\u0144\",\"isPartOf\":{\"@id\":\"https:\\\/\\\/zlotyokon.pl\\\/en\\\/#website\"},\"datePublished\":\"2024-02-07T10:30:03+00:00\",\"dateModified\":\"2025-01-04T11:47:32+00:00\",\"description\":\"W naszym sklepie oferujemy ryby mro\u017cone, ryby w\u0119dzone, \u015bwie\u017ce oraz \u017cywe. Ponadto znajdziesz tu r\u00f3wnie\u017c wyroby rzemie\u015blnicze, w\u0142asnej produkcji.\",\"breadcrumb\":{\"@id\":\"https:\\\/\\\/zlotyokon.pl\\\/en\\\/shop\\\/#breadcrumb\"},\"inLanguage\":\"en-US\",\"potentialAction\":[{\"@type\":\"ReadAction\",\"target\":[\"https:\\\/\\\/zlotyokon.pl\\\/en\\\/shop\\\/\"]}]},{\"@type\":\"BreadcrumbList\",\"@id\":\"https:\\\/\\\/zlotyokon.pl\\\/en\\\/shop\\\/#breadcrumb\",\"itemListElement\":[{\"@type\":\"ListItem\",\"position\":1,\"name\":\"Strona g\u0142\u00f3wna\",\"item\":\"https:\\\/\\\/zlotyokon.pl\\\/en\\\/\"},{\"@type\":\"ListItem\",\"position\":2,\"name\":\"Shop\"}]},{\"@type\":\"WebSite\",\"@id\":\"https:\\\/\\\/zlotyokon.pl\\\/en\\\/#website\",\"url\":\"https:\\\/\\\/zlotyokon.pl\\\/en\\\/\",\"name\":\"Restauracja, bar bistro i sklep rybny - Serock - Z\u0142oty Oko\u0144\",\"description\":\"\",\"publisher\":{\"@id\":\"https:\\\/\\\/zlotyokon.pl\\\/en\\\/#organization\"},\"potentialAction\":[{\"@type\":\"SearchAction\",\"target\":{\"@type\":\"EntryPoint\",\"urlTemplate\":\"https:\\\/\\\/zlotyokon.pl\\\/en\\\/?s={search_term_string}\"},\"query-input\":{\"@type\":\"PropertyValueSpecification\",\"valueRequired\":true,\"valueName\":\"search_term_string\"}}],\"inLanguage\":\"en-US\"},{\"@type\":\"Organization\",\"@id\":\"https:\\\/\\\/zlotyokon.pl\\\/en\\\/#organization\",\"name\":\"Restauracja, bar bistro i sklep rybny - Serock - Z\u0142oty Oko\u0144\",\"url\":\"https:\\\/\\\/zlotyokon.pl\\\/en\\\/\",\"logo\":{\"@type\":\"ImageObject\",\"inLanguage\":\"en-US\",\"@id\":\"https:\\\/\\\/zlotyokon.pl\\\/en\\\/#\\\/schema\\\/logo\\\/image\\\/\",\"url\":\"https:\\\/\\\/zlotyokon.pl\\\/wp-content\\\/uploads\\\/2026\\\/04\\\/Logo_ZO_2026_1.png\",\"contentUrl\":\"https:\\\/\\\/zlotyokon.pl\\\/wp-content\\\/uploads\\\/2026\\\/04\\\/Logo_ZO_2026_1.png\",\"width\":182,\"height\":90,\"caption\":\"Restauracja, bar bistro i sklep rybny - Serock - Z\u0142oty Oko\u0144\"},\"image\":{\"@id\":\"https:\\\/\\\/zlotyokon.pl\\\/en\\\/#\\\/schema\\\/logo\\\/image\\\/\"}}]}<\/script>\n<!-- \/ Yoast SEO plugin. -->","yoast_head_json":{"title":"Shop - Restauracja, bar bistro i sklep rybny - Serock - Z\u0142oty Oko\u0144","description":"W naszym sklepie oferujemy ryby mro\u017cone, ryby w\u0119dzone, \u015bwie\u017ce oraz \u017cywe. Ponadto znajdziesz tu r\u00f3wnie\u017c wyroby rzemie\u015blnicze, w\u0142asnej produkcji.","robots":{"index":"index","follow":"follow","max-snippet":"max-snippet:-1","max-image-preview":"max-image-preview:large","max-video-preview":"max-video-preview:-1"},"canonical":"https:\/\/zlotyokon.pl\/en\/shop\/","og_locale":"en_US","og_type":"article","og_title":"Shop - Restauracja, bar bistro i sklep rybny - Serock - Z\u0142oty Oko\u0144","og_description":"W naszym sklepie oferujemy ryby mro\u017cone, ryby w\u0119dzone, \u015bwie\u017ce oraz \u017cywe. Ponadto znajdziesz tu r\u00f3wnie\u017c wyroby rzemie\u015blnicze, w\u0142asnej produkcji.","og_url":"https:\/\/zlotyokon.pl\/en\/shop\/","og_site_name":"Restauracja, bar bistro i sklep rybny - Serock - Z\u0142oty Oko\u0144","article_modified_time":"2025-01-04T11:47:32+00:00","twitter_card":"summary_large_image","twitter_misc":{"Est. reading time":"9 minutes"},"schema":{"@context":"https:\/\/schema.org","@graph":[{"@type":"WebPage","@id":"https:\/\/zlotyokon.pl\/en\/shop\/","url":"https:\/\/zlotyokon.pl\/en\/shop\/","name":"Shop - Restauracja, bar bistro i sklep rybny - Serock - Z\u0142oty Oko\u0144","isPartOf":{"@id":"https:\/\/zlotyokon.pl\/en\/#website"},"datePublished":"2024-02-07T10:30:03+00:00","dateModified":"2025-01-04T11:47:32+00:00","description":"W naszym sklepie oferujemy ryby mro\u017cone, ryby w\u0119dzone, \u015bwie\u017ce oraz \u017cywe. Ponadto znajdziesz tu r\u00f3wnie\u017c wyroby rzemie\u015blnicze, w\u0142asnej produkcji.","breadcrumb":{"@id":"https:\/\/zlotyokon.pl\/en\/shop\/#breadcrumb"},"inLanguage":"en-US","potentialAction":[{"@type":"ReadAction","target":["https:\/\/zlotyokon.pl\/en\/shop\/"]}]},{"@type":"BreadcrumbList","@id":"https:\/\/zlotyokon.pl\/en\/shop\/#breadcrumb","itemListElement":[{"@type":"ListItem","position":1,"name":"Strona g\u0142\u00f3wna","item":"https:\/\/zlotyokon.pl\/en\/"},{"@type":"ListItem","position":2,"name":"Shop"}]},{"@type":"WebSite","@id":"https:\/\/zlotyokon.pl\/en\/#website","url":"https:\/\/zlotyokon.pl\/en\/","name":"Restauracja, bar bistro i sklep rybny - Serock - Z\u0142oty Oko\u0144","description":"","publisher":{"@id":"https:\/\/zlotyokon.pl\/en\/#organization"},"potentialAction":[{"@type":"SearchAction","target":{"@type":"EntryPoint","urlTemplate":"https:\/\/zlotyokon.pl\/en\/?s={search_term_string}"},"query-input":{"@type":"PropertyValueSpecification","valueRequired":true,"valueName":"search_term_string"}}],"inLanguage":"en-US"},{"@type":"Organization","@id":"https:\/\/zlotyokon.pl\/en\/#organization","name":"Restauracja, bar bistro i sklep rybny - Serock - Z\u0142oty Oko\u0144","url":"https:\/\/zlotyokon.pl\/en\/","logo":{"@type":"ImageObject","inLanguage":"en-US","@id":"https:\/\/zlotyokon.pl\/en\/#\/schema\/logo\/image\/","url":"https:\/\/zlotyokon.pl\/wp-content\/uploads\/2026\/04\/Logo_ZO_2026_1.png","contentUrl":"https:\/\/zlotyokon.pl\/wp-content\/uploads\/2026\/04\/Logo_ZO_2026_1.png","width":182,"height":90,"caption":"Restauracja, bar bistro i sklep rybny - Serock - Z\u0142oty Oko\u0144"},"image":{"@id":"https:\/\/zlotyokon.pl\/en\/#\/schema\/logo\/image\/"}}]}},"_links":{"self":[{"href":"https:\/\/zlotyokon.pl\/en\/wp-json\/wp\/v2\/pages\/811","targetHints":{"allow":["GET"]}}],"collection":[{"href":"https:\/\/zlotyokon.pl\/en\/wp-json\/wp\/v2\/pages"}],"about":[{"href":"https:\/\/zlotyokon.pl\/en\/wp-json\/wp\/v2\/types\/page"}],"author":[{"embeddable":true,"href":"https:\/\/zlotyokon.pl\/en\/wp-json\/wp\/v2\/users\/1"}],"replies":[{"embeddable":true,"href":"https:\/\/zlotyokon.pl\/en\/wp-json\/wp\/v2\/comments?post=811"}],"version-history":[{"count":9,"href":"https:\/\/zlotyokon.pl\/en\/wp-json\/wp\/v2\/pages\/811\/revisions"}],"predecessor-version":[{"id":2132,"href":"https:\/\/zlotyokon.pl\/en\/wp-json\/wp\/v2\/pages\/811\/revisions\/2132"}],"wp:attachment":[{"href":"https:\/\/zlotyokon.pl\/en\/wp-json\/wp\/v2\/media?parent=811"}],"curies":[{"name":"wp","href":"https:\/\/api.w.org\/{rel}","templated":true}]}}